{"id":78,"date":"2017-12-12T11:24:21","date_gmt":"2017-12-12T15:24:21","guid":{"rendered":"http:\/\/ayuntamiento.guineo\/transparencia\/?page_id=78"},"modified":"2022-06-20T12:24:37","modified_gmt":"2022-06-20T16:24:37","slug":"definicion-oaim-oficina-de-acceso-a-la-informacion-municipal","status":"publish","type":"page","link":"https:\/\/ayuntamientoenriquillo.gob.do\/transparencia\/definicion-oaim-oficina-de-acceso-a-la-informacion-municipal\/","title":{"rendered":"Definici\u00f3n OAIM (Oficina de Acceso a la Informaci\u00f3n Municipal)"},"content":{"rendered":"<p class=\"paragraph ng-attr-widget\">\n<p>La Ley No. 200-04 de Libre Acceso a la Informaci\u00f3n P\u00fablica, establece como un deber del Estado \u201cbrindar la informaci\u00f3n que esta ley [200-04] establece con car\u00e1cter obligatorio y de disponibilidad y actualizaci\u00f3n permanente y las informaciones que fueran requeridas en forma especial por los interesados\u201d.<\/p>\n<p><strong>Misi\u00f3n<\/strong><br \/>\nLa misi\u00f3n de la Oficina de Acceso a la Informaci\u00f3n es de permitir a la ciudadan\u00eda el ejercicio de su derecho de acceso a la informaci\u00f3n, manteniendo los valores de honestidad, integridad, probidad y eficacia.<\/p>\n<p><strong>Visi\u00f3n<\/strong><br \/>\nSu visi\u00f3n es servir de apoyo al ejercicio de una administraci\u00f3n p\u00fablica m\u00e1s eficiente y plausible, de manera que el ciudadano pueda conocer y evaluar las actividades realizadas por la instituci\u00f3n.<\/p>\n<p><strong>Definici\u00f3n RAI<\/strong><br \/>\nEl Encargado de Acceso a la Informaci\u00f3n, es el responsable de recolectar, sistematizar y difundir las informaciones requeridas, y ser el canal de comunicaci\u00f3n entre la instituci\u00f3n, ciudadanos y ciudadanas<\/p>\n","protected":false},"excerpt":{"rendered":"La Ley No. 200-04 de Libre Acceso a la Informaci\u00f3n P\u00fablica, establece como un deber del Estado \u201cbrindar la informaci\u00f3n que esta ley [200-04] establece con car\u00e1cter obligatorio y de disponibilidad y actualizaci\u00f3n permanente y las informaciones que fueran requeridas en forma especial por los interesados\u201d. Misi\u00f3n La misi\u00f3n de la Oficina de Acceso a&#8230;","protected":false},"author":4,"featured_media":0,"parent":0,"menu_order":0,"comment_status":"closed","ping_status":"closed","template":"","meta":[],"acf":[],"_links":{"self":[{"href":"https:\/\/ayuntamientoenriquillo.gob.do\/transparencia\/wp-json\/wp\/v2\/pages\/78"}],"collection":[{"href":"https:\/\/ayuntamientoenriquillo.gob.do\/transparencia\/wp-json\/wp\/v2\/pages"}],"about":[{"href":"https:\/\/ayuntamientoenriquillo.gob.do\/transparencia\/wp-json\/wp\/v2\/types\/page"}],"author":[{"embeddable":true,"href":"https:\/\/ayuntamientoenriquillo.gob.do\/transparencia\/wp-json\/wp\/v2\/users\/4"}],"replies":[{"embeddable":true,"href":"https:\/\/ayuntamientoenriquillo.gob.do\/transparencia\/wp-json\/wp\/v2\/comments?post=78"}],"version-history":[{"count":4,"href":"https:\/\/ayuntamientoenriquillo.gob.do\/transparencia\/wp-json\/wp\/v2\/pages\/78\/revisions"}],"predecessor-version":[{"id":402,"href":"https:\/\/ayuntamientoenriquillo.gob.do\/transparencia\/wp-json\/wp\/v2\/pages\/78\/revisions\/402"}],"wp:attachment":[{"href":"https:\/\/ayuntamientoenriquillo.gob.do\/transparencia\/wp-json\/wp\/v2\/media?parent=78"}],"curies":[{"name":"wp","href":"https:\/\/api.w.org\/{rel}","templated":true}]}}